{"id":2659,"date":"2024-02-26T14:48:23","date_gmt":"2024-02-26T17:48:23","guid":{"rendered":"https:\/\/cemaa.webhostusp.sti.usp.br\/?page_id=2659"},"modified":"2025-04-04T11:18:28","modified_gmt":"2025-04-04T14:18:28","slug":"carla-de-jesus-carbone","status":"publish","type":"page","link":"https:\/\/cemaa.webhostusp.sti.usp.br\/?page_id=2659","title":{"rendered":"Carla de Jesus Carbone"},"content":{"rendered":"\t\t<div data-elementor-type=\"wp-page\" data-elementor-id=\"2659\" class=\"elementor elementor-2659\" data-elementor-post-type=\"page\">\n\t\t\t\t<div class=\"elementor-element elementor-element-71605d33 e-con-full e-flex e-con e-parent\" data-id=\"71605d33\" data-element_type=\"container\" data-settings=\"{&quot;background_background&quot;:&quot;classic&quot;,&quot;_ha_eqh_enable&quot;:false}\">\n\t\t\t\t<div class=\"elementor-element elementor-element-7e202d2c elementor-widget elementor-widget-heading\" data-id=\"7e202d2c\" data-element_type=\"widget\" data-widget_type=\"heading.default\">\n\t\t\t\t<div class=\"elementor-widget-container\">\n\t\t\t<style>\/*! elementor - v3.22.0 - 24-06-2024 *\/\n.elementor-heading-title{padding:0;margin:0;line-height:1}.elementor-widget-heading .elementor-heading-title[class*=elementor-size-]>a{color:inherit;font-size:inherit;line-height:inherit}.elementor-widget-heading .elementor-heading-title.elementor-size-small{font-size:15px}.elementor-widget-heading .elementor-heading-title.elementor-size-medium{font-size:19px}.elementor-widget-heading .elementor-heading-title.elementor-size-large{font-size:29px}.elementor-widget-heading .elementor-heading-title.elementor-size-xl{font-size:39px}.elementor-widget-heading .elementor-heading-title.elementor-size-xxl{font-size:59px}<\/style><h2 class=\"elementor-heading-title elementor-size-default\">Carla de Jesus Carbone<\/h2>\t\t<\/div>\n\t\t\t\t<\/div>\n\t\t\t\t<\/div>\n\t\t<div class=\"elementor-element elementor-element-0c7b60b e-con-full e-flex e-con e-parent\" data-id=\"0c7b60b\" data-element_type=\"container\" data-settings=\"{&quot;background_background&quot;:&quot;classic&quot;,&quot;_ha_eqh_enable&quot;:false}\">\n\t\t\t\t<div class=\"elementor-element elementor-element-3d25079 elementor-widget elementor-widget-text-editor\" data-id=\"3d25079\" data-element_type=\"widget\" data-widget_type=\"text-editor.default\">\n\t\t\t\t<div class=\"elementor-widget-container\">\n\t\t\t<style>\/*! elementor - v3.22.0 - 24-06-2024 *\/\n.elementor-widget-text-editor.elementor-drop-cap-view-stacked .elementor-drop-cap{background-color:#69727d;color:#fff}.elementor-widget-text-editor.elementor-drop-cap-view-framed .elementor-drop-cap{color:#69727d;border:3px solid;background-color:transparent}.elementor-widget-text-editor:not(.elementor-drop-cap-view-default) .elementor-drop-cap{margin-top:8px}.elementor-widget-text-editor:not(.elementor-drop-cap-view-default) .elementor-drop-cap-letter{width:1em;height:1em}.elementor-widget-text-editor .elementor-drop-cap{float:left;text-align:center;line-height:1;font-size:50px}.elementor-widget-text-editor .elementor-drop-cap-letter{display:inline-block}<\/style>\t\t\t\t<p><a href=\"http:\/\/www.teses.usp.br\/teses\/disponiveis\/8\/8138\/tde-17042014-121246\/publico\/2014_CarlaDeJesusCarbone_VCorr.pdf\" target=\"_blank\" rel=\"noopener\">CARBONE, C. DE J.\u00a0<b>Chicomoztoc, o Lugar das Sete Carvernas, nas hist\u00f3rias nahuas do in\u00edcio do per\u00edodo colonial (1540-1630)<\/b>. Disserta\u00e7\u00e3o de Mestrado-Hist\u00f3ria\u2014S\u00e3o Paulo: Universidade de S\u00e3o Paulo, 2 jun. 2014.<\/a><\/p><p><a href=\"https:\/\/cemaa.webhostusp.sti.usp.br\/wp-content\/uploads\/2024\/02\/NAHUATLENELCENTRODEESTUDOSMESOAMERICANOSeANDINOSDELAUNIVERSIDADe.pdf\">CARBONE, C. DE J.\u00a0<strong>N\u00e1huatl en el Centro de Estudos Mesoamericanos e Andinos de la Universidade de S\u00e3o Paulo (CEMA-USP)<\/strong>. Estudios de Cultura Nahuatl, v. 41, p. 326\u2013326, 2010.<\/a><\/p>\t\t\t\t\t\t<\/div>\n\t\t\t\t<\/div>\n\t\t\t\t<\/div>\n\t\t\t\t<\/div>\n\t\t","protected":false},"excerpt":{"rendered":"<p>Carla de Jesus Carbone CARBONE, C. DE J.\u00a0Chicomoztoc, o Lugar das Sete Carvernas, nas hist\u00f3rias nahuas do in\u00edcio do per\u00edodo colonial (1540-1630). Disserta\u00e7\u00e3o de Mestrado-Hist\u00f3ria\u2014S\u00e3o Paulo: Universidade de S\u00e3o Paulo, 2 jun. 2014. CARBONE, C. DE J.\u00a0N\u00e1huatl en el Centro de Estudos Mesoamericanos e Andinos de la Universidade de S\u00e3o Paulo (CEMA-USP). Estudios de Cultura [&hellip;]<\/p>\n","protected":false},"author":1,"featured_media":0,"parent":0,"menu_order":0,"comment_status":"closed","ping_status":"closed","template":"","meta":{"footnotes":""},"_links":{"self":[{"href":"https:\/\/cemaa.webhostusp.sti.usp.br\/index.php?rest_route=\/wp\/v2\/pages\/2659"}],"collection":[{"href":"https:\/\/cemaa.webhostusp.sti.usp.br\/index.php?rest_route=\/wp\/v2\/pages"}],"about":[{"href":"https:\/\/cemaa.webhostusp.sti.usp.br\/index.php?rest_route=\/wp\/v2\/types\/page"}],"author":[{"embeddable":true,"href":"https:\/\/cemaa.webhostusp.sti.usp.br\/index.php?rest_route=\/wp\/v2\/users\/1"}],"replies":[{"embeddable":true,"href":"https:\/\/cemaa.webhostusp.sti.usp.br\/index.php?rest_route=%2Fwp%2Fv2%2Fcomments&post=2659"}],"version-history":[{"count":3,"href":"https:\/\/cemaa.webhostusp.sti.usp.br\/index.php?rest_route=\/wp\/v2\/pages\/2659\/revisions"}],"predecessor-version":[{"id":7217,"href":"https:\/\/cemaa.webhostusp.sti.usp.br\/index.php?rest_route=\/wp\/v2\/pages\/2659\/revisions\/7217"}],"wp:attachment":[{"href":"https:\/\/cemaa.webhostusp.sti.usp.br\/index.php?rest_route=%2Fwp%2Fv2%2Fmedia&parent=2659"}],"curies":[{"name":"wp","href":"https:\/\/api.w.org\/{rel}","templated":true}]}}