{"id":2679,"date":"2024-02-26T14:54:27","date_gmt":"2024-02-26T17:54:27","guid":{"rendered":"https:\/\/cemaa.webhostusp.sti.usp.br\/?page_id=2679"},"modified":"2025-08-04T22:14:38","modified_gmt":"2025-08-05T01:14:38","slug":"eduardo-henrique-gorobets-martins","status":"publish","type":"page","link":"https:\/\/cemaa.webhostusp.sti.usp.br\/?page_id=2679","title":{"rendered":"Eduardo Henrique Gorobets Martins"},"content":{"rendered":"\t\t<div data-elementor-type=\"wp-page\" data-elementor-id=\"2679\" class=\"elementor elementor-2679\" data-elementor-post-type=\"page\">\n\t\t\t\t<div class=\"elementor-element elementor-element-71605d33 e-con-full e-flex e-con e-parent\" data-id=\"71605d33\" data-element_type=\"container\" data-settings=\"{&quot;background_background&quot;:&quot;classic&quot;,&quot;_ha_eqh_enable&quot;:false}\">\n\t\t\t\t<div class=\"elementor-element elementor-element-7e202d2c elementor-widget elementor-widget-heading\" data-id=\"7e202d2c\" data-element_type=\"widget\" data-widget_type=\"heading.default\">\n\t\t\t\t<div class=\"elementor-widget-container\">\n\t\t\t<style>\/*! elementor - v3.22.0 - 24-06-2024 *\/\n.elementor-heading-title{padding:0;margin:0;line-height:1}.elementor-widget-heading .elementor-heading-title[class*=elementor-size-]>a{color:inherit;font-size:inherit;line-height:inherit}.elementor-widget-heading .elementor-heading-title.elementor-size-small{font-size:15px}.elementor-widget-heading .elementor-heading-title.elementor-size-medium{font-size:19px}.elementor-widget-heading .elementor-heading-title.elementor-size-large{font-size:29px}.elementor-widget-heading .elementor-heading-title.elementor-size-xl{font-size:39px}.elementor-widget-heading .elementor-heading-title.elementor-size-xxl{font-size:59px}<\/style><h2 class=\"elementor-heading-title elementor-size-default\">Eduardo Henrique Gorobets Martins<\/h2>\t\t<\/div>\n\t\t\t\t<\/div>\n\t\t\t\t<\/div>\n\t\t<div class=\"elementor-element elementor-element-0c7b60b e-con-full e-flex e-con e-parent\" data-id=\"0c7b60b\" data-element_type=\"container\" data-settings=\"{&quot;background_background&quot;:&quot;classic&quot;,&quot;_ha_eqh_enable&quot;:false}\">\n\t\t\t\t<div class=\"elementor-element elementor-element-3d25079 elementor-widget elementor-widget-text-editor\" data-id=\"3d25079\" data-element_type=\"widget\" data-widget_type=\"text-editor.default\">\n\t\t\t\t<div class=\"elementor-widget-container\">\n\t\t\t<style>\/*! elementor - v3.22.0 - 24-06-2024 *\/\n.elementor-widget-text-editor.elementor-drop-cap-view-stacked .elementor-drop-cap{background-color:#69727d;color:#fff}.elementor-widget-text-editor.elementor-drop-cap-view-framed .elementor-drop-cap{color:#69727d;border:3px solid;background-color:transparent}.elementor-widget-text-editor:not(.elementor-drop-cap-view-default) .elementor-drop-cap{margin-top:8px}.elementor-widget-text-editor:not(.elementor-drop-cap-view-default) .elementor-drop-cap-letter{width:1em;height:1em}.elementor-widget-text-editor .elementor-drop-cap{float:left;text-align:center;line-height:1;font-size:50px}.elementor-widget-text-editor .elementor-drop-cap-letter{display:inline-block}<\/style>\t\t\t\t<div class=\"csl-bib-body\"><p><a href=\"https:\/\/sites.utcreates.org\/frcv\/\" target=\"_blank\" rel=\"noopener\">MARTINS, E. H. G. \u201c<strong>Fondo Real de Cholula Vocabulary<\/strong>.\u201d UT Creates, Maio\/2025.\u00a0<\/a><br \/><a href=\"https:\/\/notevenpast.org\/unlocking-the-colonial-archive-revolutionizing-latin-american-history-with-artificial-intelligence\/\" target=\"_blank\" rel=\"noopener\">MARTINS, E. H. G. <strong>\u201cUnlocking the Colonial Archive: Revolutionizing Latin American History with Artificial Intelligence.\u201d<\/strong> Not Even Past, Blog, Janeiro\/2022.<\/a>\u00a0<br \/><a href=\"https:\/\/www.researchgate.net\/publication\/362426886_El_final_de_la_historia_mexica_La_conquista_de_Mexico-Tenochtitlan_en_los_codices_mexicas_coloniales\" target=\"_blank\" rel=\"noopener\">MARTINS, E. H. G. <strong>\u201c\u00bfEl final de la historia mexica? La conquista de M\u00e9xico-Tenochtitl\u00e1n en los c\u00f3dices mexicas coloniales.\u201d<\/strong> In Pilar Regueiro Su\u00e1rez (Coord.) and Miguel Garc\u00eda Audelo (Ed.), La Conquista de Tenochtitlan y las otras conquistas. Edici\u00f3n conmemorativa, 500 a\u00f1os (91-129). San Antonio: Universidad Nacional Aut\u00f3noma de M\u00e9xico \u2013 San Antonio, 2022.\u00a0<\/a><br \/><a href=\"https:\/\/temayvariacionesdeliteratura.azc.uam.mx\/index.php\/rtv\/article\/view\/314\" target=\"_blank\" rel=\"noopener\">MARTINS, E. H. G. <strong>\u201cLa nueva historia de la conquista en el libro When Montezuma Met Cort\u00e9s, de Matthew Restall.\u201d<\/strong> In Tema y Variaciones de Literatura, 57.2, 201-206, 2021.\u00a0<\/a><br \/><a href=\"https:\/\/periodicos.unifesp.br\/index.php\/fontes\/article\/view\/10950\" target=\"_blank\" rel=\"noopener\">MARTINS, E. H. G., NARDI, T., BORRI, S., CANGUSSU JR, F., FRAN\u00c7A, G., HONORATO, G. <strong>\u201cA Conquista de M\u00e9xico-Tenochtitlan no Manuscrito 40: a tradu\u00e7\u00e3o de um texto em nahuatl do s\u00e9culo XVI \u00e0 l\u00edngua portuguesa.\u201d<\/strong> Revista de Fontes, 8.14, 127-146, 2021.<\/a><br \/><a href=\"https:\/\/periodicos.uff.br\/cantareira\/article\/view\/44325\" target=\"_blank\" rel=\"noopener\">MARTINS, E. H. G. \u201cAs den\u00fancias de trabalhadores ind\u00edgenas do cuatequitl no c\u00f3dice Osuna durante a visita de Jer\u00f3nimo de Valderrama na Nova Espanha.\u201d Revista Cantareira, 34, 286-303, 2021.<\/a><\/p><p><a href=\"https:\/\/acervo.socioambiental.org\/acervo\/livros\/linguas-amerindias-ontem-hoje-e-amanha\" target=\"_blank\" rel=\"noopener\">MARTINS, E. H. G, LIMA, A. C. de Vasconcelos..<em><strong> A l\u00edngua nahuatl hoje (Cap. 23)<\/strong><\/em> In: <strong>L\u00ednguas Amer\u00edndias &#8211; ontem, hoje e amanh\u00e3<\/strong> \/ organiza\u00e7\u00e3o do Centro Brasileiro de Estudos da Am\u00e9rica Latina &#8211; S\u00e3o Paulo: Funda\u00e7\u00e3o Memorial da Am\u00e9rica Latina, p. 139-140, 2020.<\/a><\/p><p><a href=\"https:\/\/acervo.socioambiental.org\/acervo\/livros\/linguas-amerindias-ontem-hoje-e-amanha\" target=\"_blank\" rel=\"noopener\">MARTINS, E. H. G. <em><strong>O Nahuatl e a conquista espanhola: hist\u00f3rias mexicas (Cap. 22)<\/strong><\/em> In <strong>L\u00ednguas Amer\u00edndias &#8211; ontem, hoje e amanh\u00e3<\/strong> \/ organiza\u00e7\u00e3o do Centro Brasileiro de Estudos da Am\u00e9rica Latina &#8211; S\u00e3o Paulo: Funda\u00e7\u00e3o Memorial da Am\u00e9rica Latina, p. 136-138, 2020.<\/a><\/p><p><a href=\"https:\/\/cemaa.webhostusp.sti.usp.br\/wp-content\/uploads\/2024\/02\/Mexica-conquests-castilian-conquests.pdf\" target=\"_blank\" rel=\"noopener\">MARTINS, E. H. G.<strong>\u00a0Mexica conquests, Castilian conquests: Castilian and native textual structures in the historical section of the Codex Mendoza<\/strong>. In: Revista Eletr\u00f4nica da ANPHLAC (USP), n. 26, p.9-35, Jan.\/Jul., 2019.<\/a><\/p><p><a href=\"https:\/\/cemaa.webhostusp.sti.usp.br\/wp-content\/uploads\/2024\/02\/A-incorporao.pdf\" target=\"_blank\" rel=\"noopener\">MARTINS, E. H. G.\u00a0<strong>A incorpora\u00e7\u00e3o de elementos da cultura escrita castelhana nas hist\u00f3rias dos c\u00f3dices mexicas dos s\u00e9culos XVI e in\u00edcio do XVI<\/strong>. In: Revista Cantareira (UFF), 30\u00aa ed., Jan-Jul, 2019<\/a>.<\/p><p class=\"csl-entry\"><a href=\"https:\/\/cemaa.webhostusp.sti.usp.br\/wp-content\/uploads\/2024\/02\/Ashistoriasmexicascoloniaisconcepcoesdetempoeespao1530e1608.pdf\" target=\"_blank\" rel=\"noopener\">MARTINS, E. H. G.\u00a0<b>As hist\u00f3rias mexicas coloniais: concep\u00e7\u00f5es de tempo e espa\u00e7o (1530-1608)<\/b>. Disserta\u00e7\u00e3o de Mestrado-Hist\u00f3ria\u2014S\u00e3o Paulo: Universidade de S\u00e3o Paulo, 2018.<\/a><\/p><div class=\"csl-bib-body\"><p class=\"csl-entry\"><a href=\"https:\/\/cemaa.webhostusp.sti.usp.br\/wp-content\/uploads\/2024\/02\/eha-transf-calendario-e-lugares.pdf\" target=\"_blank\" rel=\"noopener\">MARTINS, E. H. G.\u00a0<strong>Transforma\u00e7\u00f5es nas representa\u00e7\u00f5es de calend\u00e1rio e de lugares nas hist\u00f3rias dos c\u00f3dices mexicas coloniais (s\u00e9culos XVI e inicio do XVII)<\/strong>. Arte em confronto: embates no campo da Hist\u00f3ria da Arte, Atas do XIII Encontro de Hist\u00f3ria da Arte. Campinas: CHAA\/IFCH-UNICAMP, p. 333\u2013342, 2018.<\/a><\/p><\/div><p class=\"csl-entry\"><a href=\"https:\/\/cemaa.webhostusp.sti.usp.br\/wp-content\/uploads\/2024\/02\/Producaousosetransformacoesdashistoriascoloniaismexicas.pdf\">MARTINS, E. H. G.\u00a0<strong>Produ\u00e7\u00e3o, usos e transforma\u00e7\u00f5es das hist\u00f3rias coloniais mexicas (s\u00e9culos XVI e in\u00edcio do XVII)<\/strong>. XXIX Simp\u00f3sio Nacional de Hist\u00f3ria, 2017.<\/a><\/p><p class=\"csl-entry\"><a href=\"https:\/\/cemaa.webhostusp.sti.usp.br\/wp-content\/uploads\/2024\/02\/Conquistasmexicasconquistascastelhanasaconstrucaodeumacronicacastelhana.pdf\" target=\"_blank\" rel=\"noopener\">MARTINS, E. H. G.\u00a0<strong>Conquistas mexicas, conquistas castelhanas: a constru\u00e7\u00e3o de uma cr\u00f4nica castelhana alternada com textos pictogl\u00edficos ind\u00edgenas na se\u00e7\u00e3o hist\u00f3rica do c\u00f3dice Mendoza<\/strong>. Anais \u2013 I Congresso de Am\u00e9rica Colonial \u2013 Historiografia, Acervos e Documentos Laborat\u00f3rio de Estudos Americanos \u2013 LEA, ago. 2017.<\/a><\/p><div class=\"csl-bib-body\"><p class=\"csl-entry\">\u00a0<\/p><\/div><\/div>\t\t\t\t\t\t<\/div>\n\t\t\t\t<\/div>\n\t\t\t\t<\/div>\n\t\t\t\t<\/div>\n\t\t","protected":false},"excerpt":{"rendered":"<p>Eduardo Henrique Gorobets Martins MARTINS, E. H. G. \u201cFondo Real de Cholula Vocabulary.\u201d UT Creates, Maio\/2025.\u00a0MARTINS, E. H. G. \u201cUnlocking the Colonial Archive: Revolutionizing Latin American History with Artificial Intelligence.\u201d Not Even Past, Blog, Janeiro\/2022.\u00a0MARTINS, E. H. G. \u201c\u00bfEl final de la historia mexica? La conquista de M\u00e9xico-Tenochtitl\u00e1n en los c\u00f3dices mexicas coloniales.\u201d In Pilar [&hellip;]<\/p>\n","protected":false},"author":1,"featured_media":0,"parent":0,"menu_order":0,"comment_status":"closed","ping_status":"closed","template":"","meta":{"footnotes":""},"_links":{"self":[{"href":"https:\/\/cemaa.webhostusp.sti.usp.br\/index.php?rest_route=\/wp\/v2\/pages\/2679"}],"collection":[{"href":"https:\/\/cemaa.webhostusp.sti.usp.br\/index.php?rest_route=\/wp\/v2\/pages"}],"about":[{"href":"https:\/\/cemaa.webhostusp.sti.usp.br\/index.php?rest_route=\/wp\/v2\/types\/page"}],"author":[{"embeddable":true,"href":"https:\/\/cemaa.webhostusp.sti.usp.br\/index.php?rest_route=\/wp\/v2\/users\/1"}],"replies":[{"embeddable":true,"href":"https:\/\/cemaa.webhostusp.sti.usp.br\/index.php?rest_route=%2Fwp%2Fv2%2Fcomments&post=2679"}],"version-history":[{"count":12,"href":"https:\/\/cemaa.webhostusp.sti.usp.br\/index.php?rest_route=\/wp\/v2\/pages\/2679\/revisions"}],"predecessor-version":[{"id":8220,"href":"https:\/\/cemaa.webhostusp.sti.usp.br\/index.php?rest_route=\/wp\/v2\/pages\/2679\/revisions\/8220"}],"wp:attachment":[{"href":"https:\/\/cemaa.webhostusp.sti.usp.br\/index.php?rest_route=%2Fwp%2Fv2%2Fmedia&parent=2679"}],"curies":[{"name":"wp","href":"https:\/\/api.w.org\/{rel}","templated":true}]}}