{"id":2728,"date":"2024-02-26T15:13:23","date_gmt":"2024-02-26T18:13:23","guid":{"rendered":"https:\/\/cemaa.webhostusp.sti.usp.br\/?page_id=2728"},"modified":"2024-02-26T15:15:24","modified_gmt":"2024-02-26T18:15:24","slug":"gordon-brotherston-1939-2023","status":"publish","type":"page","link":"https:\/\/cemaa.webhostusp.sti.usp.br\/?page_id=2728","title":{"rendered":"Gordon Brotherston (1939-2023)"},"content":{"rendered":"\t\t<div data-elementor-type=\"wp-page\" data-elementor-id=\"2728\" class=\"elementor elementor-2728\" data-elementor-post-type=\"page\">\n\t\t\t\t<div class=\"elementor-element elementor-element-71605d33 e-con-full e-flex e-con e-parent\" data-id=\"71605d33\" data-element_type=\"container\" data-settings=\"{&quot;background_background&quot;:&quot;classic&quot;,&quot;_ha_eqh_enable&quot;:false}\">\n\t\t\t\t<div class=\"elementor-element elementor-element-7e202d2c elementor-widget elementor-widget-heading\" data-id=\"7e202d2c\" data-element_type=\"widget\" data-widget_type=\"heading.default\">\n\t\t\t\t<div class=\"elementor-widget-container\">\n\t\t\t<style>\/*! elementor - v3.22.0 - 24-06-2024 *\/\n.elementor-heading-title{padding:0;margin:0;line-height:1}.elementor-widget-heading .elementor-heading-title[class*=elementor-size-]>a{color:inherit;font-size:inherit;line-height:inherit}.elementor-widget-heading .elementor-heading-title.elementor-size-small{font-size:15px}.elementor-widget-heading .elementor-heading-title.elementor-size-medium{font-size:19px}.elementor-widget-heading .elementor-heading-title.elementor-size-large{font-size:29px}.elementor-widget-heading .elementor-heading-title.elementor-size-xl{font-size:39px}.elementor-widget-heading .elementor-heading-title.elementor-size-xxl{font-size:59px}<\/style><h2 class=\"elementor-heading-title elementor-size-default\">Gordon Brotherston (1939-2023)<\/h2>\t\t<\/div>\n\t\t\t\t<\/div>\n\t\t\t\t<\/div>\n\t\t<div class=\"elementor-element elementor-element-0c7b60b e-con-full e-flex e-con e-parent\" data-id=\"0c7b60b\" data-element_type=\"container\" data-settings=\"{&quot;background_background&quot;:&quot;classic&quot;,&quot;_ha_eqh_enable&quot;:false}\">\n\t\t\t\t<div class=\"elementor-element elementor-element-3d25079 elementor-widget elementor-widget-text-editor\" data-id=\"3d25079\" data-element_type=\"widget\" data-widget_type=\"text-editor.default\">\n\t\t\t\t<div class=\"elementor-widget-container\">\n\t\t\t<style>\/*! elementor - v3.22.0 - 24-06-2024 *\/\n.elementor-widget-text-editor.elementor-drop-cap-view-stacked .elementor-drop-cap{background-color:#69727d;color:#fff}.elementor-widget-text-editor.elementor-drop-cap-view-framed .elementor-drop-cap{color:#69727d;border:3px solid;background-color:transparent}.elementor-widget-text-editor:not(.elementor-drop-cap-view-default) .elementor-drop-cap{margin-top:8px}.elementor-widget-text-editor:not(.elementor-drop-cap-view-default) .elementor-drop-cap-letter{width:1em;height:1em}.elementor-widget-text-editor .elementor-drop-cap{float:left;text-align:center;line-height:1;font-size:50px}.elementor-widget-text-editor .elementor-drop-cap-letter{display:inline-block}<\/style>\t\t\t\t<a href=\"https:\/\/cemaa.webhostusp.sti.usp.br\/wp-content\/uploads\/2024\/02\/Panel.pdf\">AMANN, D. M. et al. <strong>Panel\u00b7 Diana Marie Amann, Naomi Rohtarriaza, John Barton, Jaime Concha, Gordon Brotherston, Juan Poblete<\/strong>. Nuevo Texto Cr\u00edtico, v. 17\u201318, p. 27\u201357, 2005 2004.<\/a>\n<p class=\"csl-entry\"><a href=\"https:\/\/cemaa.webhostusp.sti.usp.br\/wp-content\/uploads\/2024\/02\/Debate-Regarding-the-evidence-in-Me-llamo-Rigoberta-Menchu.pdf\" target=\"_blank\" rel=\"noopener\">BROTHERSTON, G.\u00a0<strong>Debate: Regarding the evidence in Me llamo Rigoberta Mench\u00fa<\/strong>. Journal of Latin American Cultural Studies, v. 6, n. 1, p. 93\u2013103, 197DC.<\/a><\/p>\n\n\n<p class=\"csl-entry\"><a href=\"https:\/\/cemaa.webhostusp.sti.usp.br\/wp-content\/uploads\/2024\/02\/NEZAHUALCoyOTLS-lamentaciones-and-their-nahuatl-originsThe-westernization-of-ephemerality.pdf\" target=\"_blank\" rel=\"noopener\">BROTHERSTON, G.\u00a0<strong>Nezahualc\u00f3yotl\u2019s \u201cLamentaciones\u201d and Their Nahuatl Origins: The Westernization of Ephemerality<\/strong>. Estudios de Cultura N\u00e1huatl, v. 10, p. 393\u2013408, 1972.<\/a><\/p>\n<p class=\"csl-entry\"><a href=\"https:\/\/cemaa.webhostusp.sti.usp.br\/wp-content\/uploads\/2024\/02\/Inca-Hymns-and-the-Epic-makers.pdf\" target=\"_blank\" rel=\"noopener\">BROTHERSTON, G.<strong>\u00a0Inca Hymns and the Epic-Makers<\/strong>. Indiana, v. 1, p. 199\u2013212, 1973.<\/a><\/p>\n<p class=\"csl-entry\"><a href=\"https:\/\/journals.iai.spk-berlin.de\/index.php\/indiana\/article\/view\/1605\/1243\" target=\"_blank\" rel=\"noopener\">BROTHERSTON, G.\u00a0<strong>Time and Script in Ancient Mesoamerica<\/strong>. Indiana, v. 3, p. 9\u201340, 1975.<\/a><\/p>\n<p class=\"csl-entry\"><a href=\"https:\/\/cemaa.webhostusp.sti.usp.br\/wp-content\/uploads\/2024\/02\/Tawaddud-and-Maya-Wit.pdf\" target=\"_blank\" rel=\"noopener\">BROTHERSTON, G.\u00a0<strong>Tawaddud and Maya Wit<\/strong>. Indiana, v. 7, p. 131\u2013142, 1982.<\/a><\/p>\n<p class=\"csl-entry\"><a href=\"https:\/\/cemaa.webhostusp.sti.usp.br\/wp-content\/uploads\/2024\/02\/Far-as-the-Solar-Walk.pdf\" target=\"_blank\" rel=\"noopener\">BROTHERSTON, G.\u00a0<strong>\u201cFar as the Solar Walk\u201d: The Path of the North American Shaman<\/strong>. Indiana, v. 9, p. 15\u201330, 1984.<\/a><\/p>\n<p class=\"csl-entry\"><a href=\"https:\/\/cemaa.webhostusp.sti.usp.br\/wp-content\/uploads\/2024\/02\/SACERDOTES-AGRICULTORES-GUERREROS-UN-MODELO.pdf\" target=\"_blank\" rel=\"noopener\">BROTHERSTON, G.\u00a0<strong>Sacerdotes, Agricultores, Guerreros: Un Modelo Tripartita De Historia Mesoamericana<\/strong>. Estudios de Cultura N\u00e1huatl, v. 19, p. 95\u2013106, 1989.<\/a><\/p>\n<p class=\"csl-entry\"><a href=\"https:\/\/cemaa.webhostusp.sti.usp.br\/wp-content\/uploads\/2024\/02\/Las-cuatro-vidas-de-Tepoztecatl.pdf\" target=\"_blank\" rel=\"noopener\">BROTHERSTON, G.\u00a0<strong>Las Cuatro Vidas De Tepoztecatl<\/strong>. Estudios de Cultura N\u00e1huatl, v. 25, p. 185\u2013205, 1995.<\/a><\/p>\n<p class=\"csl-entry\"><a href=\"https:\/\/cemaa.webhostusp.sti.usp.br\/wp-content\/uploads\/2024\/02\/Native-testimony-in-the-americas.pdf\" target=\"_blank\" rel=\"noopener\">BROTHERSTON, G.\u00a0<strong>Native testimony in the Americas: Native Americans\u2019 tenacity and resilience against overwhelming odds Is demonstrated by the poetry of a new literary resurgence<\/strong>. Index on Censorship, v. 1, p. 145\u2013151, 1996.<\/a><\/p>\n<p class=\"csl-entry\"><a href=\"https:\/\/cemaa.webhostusp.sti.usp.br\/wp-content\/uploads\/2024\/02\/Cultural-studies-questionnaire.pdf\" target=\"_blank\" rel=\"noopener\">BROTHERSTON, G.\u00a0<strong>Cultural studies questionnaire<\/strong>. Journal of Latin American Cultural Studies, v. 8, n. 2, p. 247\u2013249, 1999a.<\/a><\/p>\n<p class=\"csl-entry\"><a href=\"https:\/\/cemaa.webhostusp.sti.usp.br\/wp-content\/uploads\/2024\/02\/Traduzindo-a-linguagem-visivel-da-escrita.pdf\" target=\"_blank\" rel=\"noopener\">BROTHERSTON, G.\u00a0<strong>Traduzindo a linguagem vis\u00edvel da escrita<\/strong>. Literatura e Sociedade, v. 4, n. 4, p. 78\u201391, 1999b.<\/a><\/p>\n<p class=\"csl-entry\"><a href=\"https:\/\/cemaa.webhostusp.sti.usp.br\/wp-content\/uploads\/2024\/02\/INDIGENOUS-INTELLIGENCE-IN-american-colony.pdf\" target=\"_blank\" rel=\"noopener\">BROTHERSTON, G.\u00a0<strong>Indigenous Intelligence in Spain\u2019s American Colony<\/strong>. Forum for Modern language Studies, v. 36, n. 3, p. 241\u2013253, 2000.<\/a><\/p>\n<p class=\"csl-entry\"><a href=\"https:\/\/cemaa.webhostusp.sti.usp.br\/wp-content\/uploads\/2024\/02\/MEANING--IN-A--BORORO-JAGUAR--SKIN.pdf\" target=\"_blank\" rel=\"noopener\">BROTHERSTON, G.\u00a0<strong>\u201cMeaning in a Bororo Jaguar Skin\u201d<\/strong>. Revista do Museu de Arqueologia e Etnologia, v. 11, p. 243\u2013260, 2001a.<\/a><\/p>\n<p class=\"csl-entry\"><a href=\"https:\/\/cemaa.webhostusp.sti.usp.br\/wp-content\/uploads\/2024\/02\/Native-numeracy-in-tropical-America.pdf\" target=\"_blank\" rel=\"noopener\">BROTHERSTON, G.<strong>\u00a0Native numeracy in tropical America<\/strong>. Social Epistemology, v. 15, n. 4, p. 299\u2013317, 2001b.<\/a><\/p>\n<p class=\"csl-entry\"><a href=\"https:\/\/cemaa.webhostusp.sti.usp.br\/wp-content\/uploads\/2024\/02\/The-Impact-of-British-Socialism-on-Latin-American-Studies.pdf\" target=\"_blank\" rel=\"noopener\">BROTHERSTON, G.\u00a0<strong>The Impact of British Socialism on Latin American Studies<\/strong>. Nuevo Texto Cr\u00edtico, v. 29\u201332, p. 121\u2013127, 2003 2002.<\/a><\/p>\n<p class=\"csl-entry\"><a href=\"https:\/\/cemaa.webhostusp.sti.usp.br\/wp-content\/uploads\/2024\/02\/THE-YEAR-IN-THE-MEXICAN-CODICE-THE-NATURE-AND-STRUCTURE-OF-THE-EIGHTEEN-FEASTS.pdf\" target=\"_blank\" rel=\"noopener\">BROTHERSTON, G.\u00a0<strong>The Year in the Mexican Codices: The Nature and Structure of the Eighteen Feasts<\/strong>. Estudios de Cultura N\u00e1huatl, v. 34, p. 68\u201398, 2003.<\/a><\/p>\n<p class=\"csl-entry\"><a href=\"https:\/\/cemaa.webhostusp.sti.usp.br\/wp-content\/uploads\/2024\/02\/MITOPOeTICA-E-TEXTUALIDADE-O-CASO-DA-AMeRICA-INDiGENA.pdf\" target=\"_blank\" rel=\"noopener\">BROTHERSTON, G.\u00a0<strong>Mitopo\u00e9tica E Textualidade: O Caso Da Am\u00e9rica Ind\u00edgena<\/strong>. Polifonia (UFMT), v. 9, 2004a.<\/a><\/p>\n<p class=\"csl-entry\"><a href=\"https:\/\/cemaa.webhostusp.sti.usp.br\/wp-content\/uploads\/2024\/02\/PEIXES-CONSTELAcoES-E-JURUPARI-A-PEQUENA-ENCICLOPeDIA-AMAZoNICA-DE-STRADELLI.pdf\" target=\"_blank\" rel=\"noopener\">BROTHERSTON, G.\u00a0<strong>Peixes, constela\u00e7\u00f5es e Jurupari: a pequena enciclop\u00e9dia amaz\u00f4nica de Stradelli<\/strong>. Revista do Museu de Arqueologia e Etnologia, v. 14, p. 345\u2013358, 2004b.<\/a><\/p>\n<p class=\"csl-entry\"><a href=\"https:\/\/cemaa.webhostusp.sti.usp.br\/wp-content\/uploads\/2024\/02\/The-legible-jaguar.pdf\" target=\"_blank\" rel=\"noopener\">BROTHERSTON, G.\u00a0<strong>The legible jaguar.<\/strong>\u00a0Journal of Latin American Cultural Studies, v. 15, n. 2, p. 159\u2013169, 2006.<\/a><\/p>\n<p class=\"csl-entry\"><a href=\"https:\/\/cemaa.webhostusp.sti.usp.br\/wp-content\/uploads\/2024\/02\/Chorotega-cholulteca-los-nocturnos-de-Ruben-Dario.pdf\" target=\"_blank\" rel=\"noopener\">BROTHERSTON, G.\u00a0<strong>Chorotega Cholulteca: los nocturnos de Rub\u00e9n Dar\u00edo<\/strong>. Cuadernos de literatura, v. 11, p. 18\u201331, 2007.<\/a><\/p>\n<p class=\"csl-entry\"><a href=\"https:\/\/cemaa.webhostusp.sti.usp.br\/wp-content\/uploads\/2024\/02\/By-Gordon-Brotherston-Amrica-y-la-cuestin-del-colonizador.pdf\" target=\"_blank\" rel=\"noopener\">BROTHERSTON, G.\u00a0<strong>\u201cAm\u00e9rica y la cuesti\u00f3n del colonizador: dos enunciados formativos del M\u00e9xico antiguo.\u201d<\/strong>\u00a0In: Mora\u00f1a, M.; J\u00e1uregui, C. A. (Eds.). . Colonialidad y cr\u00edtica en Am\u00e9rica Latina. Puebla-M\u00e9xico: Universidad de las Am\u00e9ricas, 2008. p. 197\u2013239.<\/a><\/p>\n<p class=\"csl-entry\"><a href=\"https:\/\/cemaa.webhostusp.sti.usp.br\/wp-content\/uploads\/2024\/02\/Amazon-and-cordillera-Humboldts-tropical-American-quest.pdf\" target=\"_blank\" rel=\"noopener\">BROTHERSTON, G.\u00a0<strong>Amazon and cordillera: Humboldt\u2019s tropical American quest<\/strong>. Studies in Travel Writing, v. 15, n. 1, p. 53\u201360, 2011.<\/a><\/p>\n<p class=\"csl-entry\"><a href=\"https:\/\/cemaa.webhostusp.sti.usp.br\/wp-content\/uploads\/2024\/02\/EL-LIENZO-DE-TLAXCALA-Y-EL-MANUSCRITO.pdf\" target=\"_blank\" rel=\"noopener\">BROTHERSTON, G.; Gallegos, A.\u00a0<strong>El Lienzo De Tlaxcala y El Manuscrito De Glasgow (Hunter 242)<\/strong>. Estudios de Cultura N\u00e1huatl, v. 20, p. 119\u2013140, 1990.<\/a><\/p>\n<p class=\"csl-entry\"><a href=\"https:\/\/cemaa.webhostusp.sti.usp.br\/wp-content\/uploads\/2024\/02\/Poetry-oppression-and-censorship-in-Latin-America.pdf\">BROTHERSTON, G.; S\u00c1, L.<strong>\u00a0Poetry, oppression and censorship in Latin America<\/strong>. [s.d.].<\/a><\/p>\t\t\t\t\t\t<\/div>\n\t\t\t\t<\/div>\n\t\t\t\t<\/div>\n\t\t\t\t<\/div>\n\t\t","protected":false},"excerpt":{"rendered":"<p>Gordon Brotherston (1939-2023) AMANN, D. M. et al. Panel\u00b7 Diana Marie Amann, Naomi Rohtarriaza, John Barton, Jaime Concha, Gordon Brotherston, Juan Poblete. Nuevo Texto Cr\u00edtico, v. 17\u201318, p. 27\u201357, 2005 2004. BROTHERSTON, G.\u00a0Debate: Regarding the evidence in Me llamo Rigoberta Mench\u00fa. Journal of Latin American Cultural Studies, v. 6, n. 1, p. 93\u2013103, 197DC. BROTHERSTON, [&hellip;]<\/p>\n","protected":false},"author":1,"featured_media":0,"parent":0,"menu_order":0,"comment_status":"closed","ping_status":"closed","template":"","meta":{"footnotes":""},"_links":{"self":[{"href":"https:\/\/cemaa.webhostusp.sti.usp.br\/index.php?rest_route=\/wp\/v2\/pages\/2728"}],"collection":[{"href":"https:\/\/cemaa.webhostusp.sti.usp.br\/index.php?rest_route=\/wp\/v2\/pages"}],"about":[{"href":"https:\/\/cemaa.webhostusp.sti.usp.br\/index.php?rest_route=\/wp\/v2\/types\/page"}],"author":[{"embeddable":true,"href":"https:\/\/cemaa.webhostusp.sti.usp.br\/index.php?rest_route=\/wp\/v2\/users\/1"}],"replies":[{"embeddable":true,"href":"https:\/\/cemaa.webhostusp.sti.usp.br\/index.php?rest_route=%2Fwp%2Fv2%2Fcomments&post=2728"}],"version-history":[{"count":0,"href":"https:\/\/cemaa.webhostusp.sti.usp.br\/index.php?rest_route=\/wp\/v2\/pages\/2728\/revisions"}],"wp:attachment":[{"href":"https:\/\/cemaa.webhostusp.sti.usp.br\/index.php?rest_route=%2Fwp%2Fv2%2Fmedia&parent=2728"}],"curies":[{"name":"wp","href":"https:\/\/api.w.org\/{rel}","templated":true}]}}