{"id":2736,"date":"2024-02-26T15:16:29","date_gmt":"2024-02-26T18:16:29","guid":{"rendered":"https:\/\/cemaa.webhostusp.sti.usp.br\/?page_id=2736"},"modified":"2025-04-04T10:49:32","modified_gmt":"2025-04-04T13:49:32","slug":"leila-maria-franca-1965-2021","status":"publish","type":"page","link":"https:\/\/cemaa.webhostusp.sti.usp.br\/?page_id=2736","title":{"rendered":"\u00a0Leila Maria Fran\u00e7a (1965-2021)"},"content":{"rendered":"\t\t<div data-elementor-type=\"wp-page\" data-elementor-id=\"2736\" class=\"elementor elementor-2736\" data-elementor-post-type=\"page\">\n\t\t\t\t<div class=\"elementor-element elementor-element-71605d33 e-con-full e-flex e-con e-parent\" data-id=\"71605d33\" data-element_type=\"container\" data-settings=\"{&quot;background_background&quot;:&quot;classic&quot;,&quot;_ha_eqh_enable&quot;:false}\">\n\t\t\t\t<div class=\"elementor-element elementor-element-7e202d2c elementor-widget elementor-widget-heading\" data-id=\"7e202d2c\" data-element_type=\"widget\" data-widget_type=\"heading.default\">\n\t\t\t\t<div class=\"elementor-widget-container\">\n\t\t\t<style>\/*! elementor - v3.22.0 - 24-06-2024 *\/\n.elementor-heading-title{padding:0;margin:0;line-height:1}.elementor-widget-heading .elementor-heading-title[class*=elementor-size-]>a{color:inherit;font-size:inherit;line-height:inherit}.elementor-widget-heading .elementor-heading-title.elementor-size-small{font-size:15px}.elementor-widget-heading .elementor-heading-title.elementor-size-medium{font-size:19px}.elementor-widget-heading .elementor-heading-title.elementor-size-large{font-size:29px}.elementor-widget-heading .elementor-heading-title.elementor-size-xl{font-size:39px}.elementor-widget-heading .elementor-heading-title.elementor-size-xxl{font-size:59px}<\/style><h2 class=\"elementor-heading-title elementor-size-default\"> Leila Maria Fran\u00e7a (1965-2021)<\/h2>\t\t<\/div>\n\t\t\t\t<\/div>\n\t\t\t\t<\/div>\n\t\t<div class=\"elementor-element elementor-element-0c7b60b e-con-full e-flex e-con e-parent\" data-id=\"0c7b60b\" data-element_type=\"container\" data-settings=\"{&quot;background_background&quot;:&quot;classic&quot;,&quot;_ha_eqh_enable&quot;:false}\">\n\t\t\t\t<div class=\"elementor-element elementor-element-3d25079 elementor-widget elementor-widget-text-editor\" data-id=\"3d25079\" data-element_type=\"widget\" data-widget_type=\"text-editor.default\">\n\t\t\t\t<div class=\"elementor-widget-container\">\n\t\t\t<style>\/*! elementor - v3.22.0 - 24-06-2024 *\/\n.elementor-widget-text-editor.elementor-drop-cap-view-stacked .elementor-drop-cap{background-color:#69727d;color:#fff}.elementor-widget-text-editor.elementor-drop-cap-view-framed .elementor-drop-cap{color:#69727d;border:3px solid;background-color:transparent}.elementor-widget-text-editor:not(.elementor-drop-cap-view-default) .elementor-drop-cap{margin-top:8px}.elementor-widget-text-editor:not(.elementor-drop-cap-view-default) .elementor-drop-cap-letter{width:1em;height:1em}.elementor-widget-text-editor .elementor-drop-cap{float:left;text-align:center;line-height:1;font-size:50px}.elementor-widget-text-editor .elementor-drop-cap-letter{display:inline-block}<\/style>\t\t\t\t<p><a href=\"https:\/\/www.youtube.com\/watch?v=2bIuVMhEP18\" target=\"_blank\" rel=\"noopener\">MUSEU DE ARQUEOLOGIA E ETNOLOGIA DA USP.\u00a0<b>Complex Connections through Material Culture &#8211; Part III\u00a0<\/b>Sala Alfredo Bosi, rua da Pra\u00e7a do Rel\u00f3gio, 109, t\u00e9rreo, Butant\u00e3, S\u00e3o Paulo, 06 2018.\u00a0<\/a><\/p><p class=\"csl-entry\"><a href=\"https:\/\/cemaa.webhostusp.sti.usp.br\/wp-content\/uploads\/2024\/02\/OEstudodaNocaode-Valor-e-o-Universo-de-Aplicao-do-Dinheiro-Primitiv.pdf\" target=\"_blank\" rel=\"noopener\">FRAN\u00c7A, L. M.\u00a0<strong>O estudo da no\u00e7\u00e3o de valor e o universo de aplica\u00e7\u00e3o do dinheiro primitivo<\/strong>. Revista do Museu de Arqueologia e Etnologia, v. 10, p. 189\u2013196, 2010.<\/a><\/p><p class=\"csl-entry\"><a href=\"https:\/\/cemaa.webhostusp.sti.usp.br\/wp-content\/uploads\/2024\/02\/EljadeylaspiedrasverdesenTeotihuacanMexicoRevistadoMuseudeArqueologiaeEtnologia.pdf\" target=\"_blank\" rel=\"noopener\">FRAN\u00c7A, L. M.\u00a0<strong>El jade y las piedras verde en Teotihuacan, M\u00e9xico<\/strong>. Revista do Museu de Arqueologia e Etnologia, v. 20, p. 327\u2013344, 2010.<\/a><\/p><p><a href=\"https:\/\/cemaa.webhostusp.sti.usp.br\/wp-content\/uploads\/2024\/02\/AindustrialapidariaemTeotihuacan.pdf\" target=\"_blank\" rel=\"noopener\">FRAN\u00c7A, L. M.\u00a0<strong>A ind\u00fastria lapid\u00e0ria em Teotihuacan<\/strong>. Revista do Museu de Arqueologia e Etnologia, v. Suplemento 8, p. 217\u2013223, 2009.<\/a><\/p><p class=\"csl-entry\"><a href=\"https:\/\/cemaa.webhostusp.sti.usp.br\/wp-content\/uploads\/2024\/02\/OusodaardosiaemTeotihuacanMexico.pdf\" target=\"_blank\" rel=\"noopener\">FRAN\u00c7A, L. M.\u00a0<strong>O uso da ard\u00f3sia em Teotihuacan, M\u00e9xico<\/strong>. Revista do Museu de Arqueologia e Etnologia, v. 17, p. 333\u2013343, 2007.<\/a><\/p><p class=\"csl-entry\"><a href=\"http:\/\/www.revistas.usp.br\/revmae\/article\/view\/89669\/92490\" target=\"_blank\" rel=\"noopener\">FRAN\u00c7A, L. M.\u00a0<strong>O simbolismo do jade nos teoamoxtli do Grupo Borgia<\/strong>. Revista do Museu de Arqueologia e Etnologia, v. 14, p. 225\u2013239, 2004.<\/a><\/p><p><a href=\"https:\/\/cemaa.webhostusp.sti.usp.br\/wp-content\/uploads\/2024\/02\/OSimbolismodoJadeedasPedrasVerdesnoMexicoAntigo.pdf\" target=\"_blank\" rel=\"noopener\">FRAN\u00c7A, L. M.\u00a0<strong>O simbolismo do jade e das pedras verdes no M\u00e9xico antigo<\/strong>. Anais do V Encontro da ANPHLAC, 2002.<\/a><\/p><p><a href=\"https:\/\/cemaa.webhostusp.sti.usp.br\/wp-content\/uploads\/2024\/02\/OSIMPACTOSDAINTRODUCAODAMOEDA.pdf\">FRAN\u00c7A, L. M.\u00a0<strong>Os impactos da introdu\u00e7\u00e3o da moeda met\u00e1lica no M\u00e9xico colonial.<\/strong> Revista de Hist\u00f3ria (USP), v. 144, p. 74\u2013106, 2001.<\/a><\/p>\t\t\t\t\t\t<\/div>\n\t\t\t\t<\/div>\n\t\t\t\t<\/div>\n\t\t\t\t<\/div>\n\t\t","protected":false},"excerpt":{"rendered":"<p>Leila Maria Fran\u00e7a (1965-2021) MUSEU DE ARQUEOLOGIA E ETNOLOGIA DA USP.\u00a0Complex Connections through Material Culture &#8211; Part III\u00a0Sala Alfredo Bosi, rua da Pra\u00e7a do Rel\u00f3gio, 109, t\u00e9rreo, Butant\u00e3, S\u00e3o Paulo, 06 2018.\u00a0 FRAN\u00c7A, L. M.\u00a0O estudo da no\u00e7\u00e3o de valor e o universo de aplica\u00e7\u00e3o do dinheiro primitivo. Revista do Museu de Arqueologia e Etnologia, [&hellip;]<\/p>\n","protected":false},"author":1,"featured_media":0,"parent":0,"menu_order":0,"comment_status":"closed","ping_status":"closed","template":"","meta":{"footnotes":""},"_links":{"self":[{"href":"https:\/\/cemaa.webhostusp.sti.usp.br\/index.php?rest_route=\/wp\/v2\/pages\/2736"}],"collection":[{"href":"https:\/\/cemaa.webhostusp.sti.usp.br\/index.php?rest_route=\/wp\/v2\/pages"}],"about":[{"href":"https:\/\/cemaa.webhostusp.sti.usp.br\/index.php?rest_route=\/wp\/v2\/types\/page"}],"author":[{"embeddable":true,"href":"https:\/\/cemaa.webhostusp.sti.usp.br\/index.php?rest_route=\/wp\/v2\/users\/1"}],"replies":[{"embeddable":true,"href":"https:\/\/cemaa.webhostusp.sti.usp.br\/index.php?rest_route=%2Fwp%2Fv2%2Fcomments&post=2736"}],"version-history":[{"count":3,"href":"https:\/\/cemaa.webhostusp.sti.usp.br\/index.php?rest_route=\/wp\/v2\/pages\/2736\/revisions"}],"predecessor-version":[{"id":7201,"href":"https:\/\/cemaa.webhostusp.sti.usp.br\/index.php?rest_route=\/wp\/v2\/pages\/2736\/revisions\/7201"}],"wp:attachment":[{"href":"https:\/\/cemaa.webhostusp.sti.usp.br\/index.php?rest_route=%2Fwp%2Fv2%2Fmedia&parent=2736"}],"curies":[{"name":"wp","href":"https:\/\/api.w.org\/{rel}","templated":true}]}}