{"id":7314,"date":"2025-04-08T20:22:05","date_gmt":"2025-04-08T23:22:05","guid":{"rendered":"https:\/\/cemaa.webhostusp.sti.usp.br\/?page_id=7314"},"modified":"2025-06-24T23:19:18","modified_gmt":"2025-06-25T02:19:18","slug":"pedro-ivo-prado-da-costa","status":"publish","type":"page","link":"https:\/\/cemaa.webhostusp.sti.usp.br\/?page_id=7314","title":{"rendered":"Pedro Ivo Prado da Costa"},"content":{"rendered":"\t\t<div data-elementor-type=\"wp-page\" data-elementor-id=\"7314\" class=\"elementor elementor-7314\" data-elementor-post-type=\"page\">\n\t\t\t\t<div class=\"elementor-element elementor-element-71605d33 e-con-full e-flex e-con e-parent\" data-id=\"71605d33\" data-element_type=\"container\" data-settings=\"{&quot;background_background&quot;:&quot;classic&quot;,&quot;_ha_eqh_enable&quot;:false}\">\n\t\t\t\t<div class=\"elementor-element elementor-element-7e202d2c elementor-widget elementor-widget-heading\" data-id=\"7e202d2c\" data-element_type=\"widget\" data-widget_type=\"heading.default\">\n\t\t\t\t<div class=\"elementor-widget-container\">\n\t\t\t<style>\/*! elementor - v3.22.0 - 24-06-2024 *\/\n.elementor-heading-title{padding:0;margin:0;line-height:1}.elementor-widget-heading .elementor-heading-title[class*=elementor-size-]>a{color:inherit;font-size:inherit;line-height:inherit}.elementor-widget-heading .elementor-heading-title.elementor-size-small{font-size:15px}.elementor-widget-heading .elementor-heading-title.elementor-size-medium{font-size:19px}.elementor-widget-heading .elementor-heading-title.elementor-size-large{font-size:29px}.elementor-widget-heading .elementor-heading-title.elementor-size-xl{font-size:39px}.elementor-widget-heading .elementor-heading-title.elementor-size-xxl{font-size:59px}<\/style><h2 class=\"elementor-heading-title elementor-size-default\">Pedro Ivo Prado da Costa<\/h2>\t\t<\/div>\n\t\t\t\t<\/div>\n\t\t\t\t<\/div>\n\t\t<div class=\"elementor-element elementor-element-0c7b60b e-con-full e-flex e-con e-parent\" data-id=\"0c7b60b\" data-element_type=\"container\" data-settings=\"{&quot;background_background&quot;:&quot;classic&quot;,&quot;_ha_eqh_enable&quot;:false}\">\n\t\t\t\t<div class=\"elementor-element elementor-element-3d25079 elementor-widget elementor-widget-text-editor\" data-id=\"3d25079\" data-element_type=\"widget\" data-widget_type=\"text-editor.default\">\n\t\t\t\t<div class=\"elementor-widget-container\">\n\t\t\t<style>\/*! elementor - v3.22.0 - 24-06-2024 *\/\n.elementor-widget-text-editor.elementor-drop-cap-view-stacked .elementor-drop-cap{background-color:#69727d;color:#fff}.elementor-widget-text-editor.elementor-drop-cap-view-framed .elementor-drop-cap{color:#69727d;border:3px solid;background-color:transparent}.elementor-widget-text-editor:not(.elementor-drop-cap-view-default) .elementor-drop-cap{margin-top:8px}.elementor-widget-text-editor:not(.elementor-drop-cap-view-default) .elementor-drop-cap-letter{width:1em;height:1em}.elementor-widget-text-editor .elementor-drop-cap{float:left;text-align:center;line-height:1;font-size:50px}.elementor-widget-text-editor .elementor-drop-cap-letter{display:inline-block}<\/style>\t\t\t\t<p><a href=\"https:\/\/www.teses.usp.br\/teses\/disponiveis\/8\/8138\/tde-12062025-150702\/pt-br.php\" target=\"_blank\" rel=\"noopener\">COSTA, Pedro Ivo Prado da. <strong>Los enemigos de casa: a disputa por hegemonia entre a Tr\u00edplice-Alian\u00e7a encabe\u00e7ada pelos mexica e a confedera\u00e7\u00e3o tlaxcalteca (c.1400-1519)<\/strong>. Disserta\u00e7\u00e3o (Mestrado em Hist\u00f3ria Social) &#8211; Faculdade de Filosofia, Letras e Ci\u00eancias Humanas, Universidade de S\u00e3o Paulo, S\u00e3o Paulo, 2025.<\/a><\/p><p>COSTA, P. I. P.. <strong>Entre Deuses e Flechas: Reflex\u00f5es sobre o estudo da guerra na Mesoam\u00e9rica.<\/strong> REVISTA HYDRA, v. 5, p. 89-121, 2021.<\/p><p><a href=\"https:\/\/drive.google.com\/file\/d\/1w-U4B5ueI8c9bcw-Pakm8GJGG7NiMZ6H\/view\" target=\"_blank\" rel=\"noopener\">COSTA, P. I. P.. <strong>A Guerra Na Mesoam\u00e9rica: Um Balan\u00e7o Historiogr\u00e1fico Sobre A Guerra Pr\u00e9-Hisp\u00e2nica Na Regi\u00e3o Maia E No Altiplano Central Mexicano.<\/strong> Revista Outrora, v. 3, p. 60-80, 2020.<\/a><\/p>\t\t\t\t\t\t<\/div>\n\t\t\t\t<\/div>\n\t\t\t\t<\/div>\n\t\t\t\t<\/div>\n\t\t","protected":false},"excerpt":{"rendered":"<p>Pedro Ivo Prado da Costa COSTA, Pedro Ivo Prado da. Los enemigos de casa: a disputa por hegemonia entre a Tr\u00edplice-Alian\u00e7a encabe\u00e7ada pelos mexica e a confedera\u00e7\u00e3o tlaxcalteca (c.1400-1519). Disserta\u00e7\u00e3o (Mestrado em Hist\u00f3ria Social) &#8211; Faculdade de Filosofia, Letras e Ci\u00eancias Humanas, Universidade de S\u00e3o Paulo, S\u00e3o Paulo, 2025. COSTA, P. I. P.. Entre Deuses [&hellip;]<\/p>\n","protected":false},"author":3,"featured_media":0,"parent":0,"menu_order":0,"comment_status":"closed","ping_status":"closed","template":"","meta":{"footnotes":""},"_links":{"self":[{"href":"https:\/\/cemaa.webhostusp.sti.usp.br\/index.php?rest_route=\/wp\/v2\/pages\/7314"}],"collection":[{"href":"https:\/\/cemaa.webhostusp.sti.usp.br\/index.php?rest_route=\/wp\/v2\/pages"}],"about":[{"href":"https:\/\/cemaa.webhostusp.sti.usp.br\/index.php?rest_route=\/wp\/v2\/types\/page"}],"author":[{"embeddable":true,"href":"https:\/\/cemaa.webhostusp.sti.usp.br\/index.php?rest_route=\/wp\/v2\/users\/3"}],"replies":[{"embeddable":true,"href":"https:\/\/cemaa.webhostusp.sti.usp.br\/index.php?rest_route=%2Fwp%2Fv2%2Fcomments&post=7314"}],"version-history":[{"count":15,"href":"https:\/\/cemaa.webhostusp.sti.usp.br\/index.php?rest_route=\/wp\/v2\/pages\/7314\/revisions"}],"predecessor-version":[{"id":7734,"href":"https:\/\/cemaa.webhostusp.sti.usp.br\/index.php?rest_route=\/wp\/v2\/pages\/7314\/revisions\/7734"}],"wp:attachment":[{"href":"https:\/\/cemaa.webhostusp.sti.usp.br\/index.php?rest_route=%2Fwp%2Fv2%2Fmedia&parent=7314"}],"curies":[{"name":"wp","href":"https:\/\/api.w.org\/{rel}","templated":true}]}}