{"id":79,"date":"2024-01-15T13:37:32","date_gmt":"2024-01-15T16:37:32","guid":{"rendered":"https:\/\/cemaa.webhostusp.sti.usp.br\/?page_id=79"},"modified":"2025-07-23T15:09:58","modified_gmt":"2025-07-23T18:09:58","slug":"coordenadores-as","status":"publish","type":"page","link":"https:\/\/cemaa.webhostusp.sti.usp.br\/?page_id=79","title":{"rendered":"Coordenadores\/as"},"content":{"rendered":"\t\t<div data-elementor-type=\"wp-page\" data-elementor-id=\"79\" class=\"elementor elementor-79\" data-elementor-post-type=\"page\">\n\t\t\t\t<div class=\"elementor-element elementor-element-34d458c8 e-con-full e-flex e-con e-parent\" data-id=\"34d458c8\" data-element_type=\"container\" data-settings=\"{&quot;background_background&quot;:&quot;classic&quot;,&quot;_ha_eqh_enable&quot;:false}\">\n\t\t<div class=\"elementor-element elementor-element-c880280 e-con-full e-flex e-con e-child\" data-id=\"c880280\" data-element_type=\"container\" data-settings=\"{&quot;_ha_eqh_enable&quot;:false}\">\n\t\t\t\t<div class=\"elementor-element elementor-element-2fe3cac6 elementor-widget elementor-widget-heading\" data-id=\"2fe3cac6\" data-element_type=\"widget\" data-widget_type=\"heading.default\">\n\t\t\t\t<div class=\"elementor-widget-container\">\n\t\t\t<style>\/*! elementor - v3.22.0 - 24-06-2024 *\/\n.elementor-heading-title{padding:0;margin:0;line-height:1}.elementor-widget-heading .elementor-heading-title[class*=elementor-size-]>a{color:inherit;font-size:inherit;line-height:inherit}.elementor-widget-heading .elementor-heading-title.elementor-size-small{font-size:15px}.elementor-widget-heading .elementor-heading-title.elementor-size-medium{font-size:19px}.elementor-widget-heading .elementor-heading-title.elementor-size-large{font-size:29px}.elementor-widget-heading .elementor-heading-title.elementor-size-xl{font-size:39px}.elementor-widget-heading .elementor-heading-title.elementor-size-xxl{font-size:59px}<\/style><h2 class=\"elementor-heading-title elementor-size-default\">Coordenadores\/as<\/h2>\t\t<\/div>\n\t\t\t\t<\/div>\n\t\t\t\t<\/div>\n\t\t<div class=\"elementor-element elementor-element-15756e09 e-flex e-con-boxed e-con e-child\" data-id=\"15756e09\" data-element_type=\"container\" data-settings=\"{&quot;_ha_eqh_enable&quot;:false}\">\n\t\t\t\t\t<div class=\"e-con-inner\">\n\t\t\t\t<div class=\"elementor-element elementor-element-5956a9f4 elementor-widget elementor-widget-text-editor\" data-id=\"5956a9f4\" data-element_type=\"widget\" data-widget_type=\"text-editor.default\">\n\t\t\t\t<div class=\"elementor-widget-container\">\n\t\t\t<style>\/*! elementor - v3.22.0 - 24-06-2024 *\/\n.elementor-widget-text-editor.elementor-drop-cap-view-stacked .elementor-drop-cap{background-color:#69727d;color:#fff}.elementor-widget-text-editor.elementor-drop-cap-view-framed .elementor-drop-cap{color:#69727d;border:3px solid;background-color:transparent}.elementor-widget-text-editor:not(.elementor-drop-cap-view-default) .elementor-drop-cap{margin-top:8px}.elementor-widget-text-editor:not(.elementor-drop-cap-view-default) .elementor-drop-cap-letter{width:1em;height:1em}.elementor-widget-text-editor .elementor-drop-cap{float:left;text-align:center;line-height:1;font-size:50px}.elementor-widget-text-editor .elementor-drop-cap-letter{display:inline-block}<\/style>\t\t\t\t<p><a href=\"https:\/\/cemaa.webhostusp.sti.usp.br\/?page_id=1814\"><img decoding=\"async\" class=\"alignright wp-image-1746 size-full\" src=\"https:\/\/cemaa.webhostusp.sti.usp.br\/wp-content\/uploads\/2024\/02\/en_gb.gif\" alt=\"\" width=\"18\" height=\"12\" \/><\/a> <a href=\"https:\/\/cemaa.webhostusp.sti.usp.br\/?page_id=1799\"><img decoding=\"async\" class=\"alignright wp-image-1745 size-full\" src=\"https:\/\/cemaa.webhostusp.sti.usp.br\/wp-content\/uploads\/2024\/02\/es_es.gif\" alt=\"\" width=\"18\" height=\"12\" \/><\/a><\/p>\t\t\t\t\t\t<\/div>\n\t\t\t\t<\/div>\n\t\t\t\t\t<\/div>\n\t\t\t\t<\/div>\n\t\t\t\t<\/div>\n\t\t<div class=\"elementor-element elementor-element-24755db e-con-full e-flex e-con e-parent\" data-id=\"24755db\" data-element_type=\"container\" data-settings=\"{&quot;background_background&quot;:&quot;classic&quot;,&quot;_ha_eqh_enable&quot;:false}\">\n\t\t\t\t<div class=\"elementor-element elementor-element-069ad75 elementor-widget elementor-widget-text-editor\" data-id=\"069ad75\" data-element_type=\"widget\" data-widget_type=\"text-editor.default\">\n\t\t\t\t<div class=\"elementor-widget-container\">\n\t\t\t\t\t\t\t<div id=\"topo\"><p><span id=\"x6sy0\"><strong>Cristiana Bertazoni<\/strong><\/span><\/p><p><img decoding=\"async\" class=\"wp-image-1422 alignleft\" src=\"https:\/\/cemaa.webhostusp.sti.usp.br\/wp-content\/uploads\/2024\/02\/05_05_2022_13_35_47-150x150.jpg\" alt=\"\" width=\"140\" height=\"137\" srcset=\"https:\/\/cemaa.webhostusp.sti.usp.br\/wp-content\/uploads\/2024\/02\/05_05_2022_13_35_47-300x294.jpg 300w, https:\/\/cemaa.webhostusp.sti.usp.br\/wp-content\/uploads\/2024\/02\/05_05_2022_13_35_47.jpg 600w\" sizes=\"(max-width: 140px) 100vw, 140px\" \/>Possui gradua\u00e7\u00e3o em Hist\u00f3ria e mestrado em arqueologia pela Universidade de S\u00e3o Paulo. Possui doutorado em Hist\u00f3ria pr\u00e9-Colombiana pelo Departamento de Teoria e Hist\u00f3ria da Arte da Universidade de Essex (Inglaterra). Fez p\u00f3s-doutorado no Museu de Arqueologia e Etnologia da Universidade de S\u00e3o Paulo. Foi coordenadora do Centro de Estudos Mesoamericanos, Amaz\u00f4nicos e Andinos da Universidade de S\u00e3o Paulo, onde atua ainda hoje. Tem experi\u00eancia profissional em museus e cole\u00e7\u00f5es de arte no Brasil e no exterior: Museu de Arte Moderna de S\u00e3o Paulo, Pinacoteca do Estado de S\u00e3o Paulo e na University of Essex Collection of Latin American Art (Inglaterra). Trabalhou como assistente curatorial no departamento de Am\u00e9ricas do Museu Brit\u00e2nico em Londres e como pesquisadora associada do Departamento de Estudos Latino Americanos da Universidade de Londres (Birkbeck). Foi professora convidada do Departamento de Antropologia das Am\u00e9ricas da Universidade de Bonn (Alemanha) e pesquisadora da Universidade de Zurique (Su\u00ed\u00e7a). Atualmente \u00e9 pesquisadora (Principal Investigator) na Universidade de Bonn onde lidera o projeto de pesquisa Mapeando a Paisagem Sagrada Ashaninka financiada pela Sociedade Alem\u00e3 de Amparo \u00e0 Pesquisa (DFG &#8211; Deutsche Forschungsgemeinschaft). Atua nas \u00e1reas de Hist\u00f3ria e Arqueologia pr\u00e9-Colombiana da Am\u00e9rica do Sul, principalmente nos seguintes temas: Andes, Amaz\u00f4nia Ocidental, Incas e Ashaninka.<br \/><a href=\"https:\/\/cemaa.webhostusp.sti.usp.br\/?page_id=2476\">Produ\u00e7\u00e3o Cient\u00edfica<\/a> &#8211;\u00a0<a href=\"http:\/\/lattes.cnpq.br\/9954337159153895\" target=\"_blank\" rel=\"noopener\">Curr\u00edculo Lattes<\/a> &#8211;\u00a0<span id=\"cloak7222082a1760b3918cdf7a0a20cf1c99\"><a href=\"mailto:bertazonic@gmail.com\">bertazonic@gmail.com<\/a><\/span><span id=\"glnc0\">.<\/span><\/p><\/div><div id=\"menu\"><div id=\"maximenuck104\" class=\"maximenuckh ltr\"><p><strong>Eduardo Natalino dos Santos<\/strong><\/p><\/div><\/div><div id=\"cont\"><div id=\"internas\"><div class=\"item-page\"><p class=\"style27\" align=\"justify\"><img loading=\"lazy\" decoding=\"async\" class=\"alignleft wp-image-1458\" src=\"https:\/\/cemaa.webhostusp.sti.usp.br\/wp-content\/uploads\/2024\/02\/Eduardo-150x150.jpg\" alt=\"\" width=\"140\" height=\"182\" srcset=\"https:\/\/cemaa.webhostusp.sti.usp.br\/wp-content\/uploads\/2024\/02\/Eduardo-231x300.jpg 231w, https:\/\/cemaa.webhostusp.sti.usp.br\/wp-content\/uploads\/2024\/02\/Eduardo-787x1024.jpg 787w, https:\/\/cemaa.webhostusp.sti.usp.br\/wp-content\/uploads\/2024\/02\/Eduardo-768x1000.jpg 768w, https:\/\/cemaa.webhostusp.sti.usp.br\/wp-content\/uploads\/2024\/02\/Eduardo.jpg 952w\" sizes=\"(max-width: 140px) 100vw, 140px\" \/>Graduou-se em Hist\u00f3ria (Bacharelado e Licenciatura) na Universidade de S\u00e3o Paulo (1992-1995), onde tamb\u00e9m realizou seu mestrado (1997-2000) e doutorado (2000-2005) em Hist\u00f3ria Social. Fez cursos, est\u00e1gios e pesquisas bibliogr\u00e1ficas na Universidad Nacional Aut\u00f3noma de M\u00e9xico (2002-2003) e na Stanford University (2004). Atualmente \u00e9 professor-doutor no Departamento de Hist\u00f3ria da Faculdade de Filosofia, Letras e Ci\u00eancias Humanas da Universidade de S\u00e3o Paulo (<a href=\"http:\/\/historia.fflch.usp.br\/\">http:\/\/historia.fflch.usp.br<\/a>), onde leciona as disciplinas Hist\u00f3ria da Am\u00e9rica pr\u00e9-hisp\u00e2nica e Hist\u00f3ria ind\u00edgena colonial e se dedica a pesquisas sobre as concep\u00e7\u00f5es de hist\u00f3ria e cosmogonia das elites mesoamericanas e andinas, o que realiza por meio de fontes nativas pr\u00e9-hisp\u00e2nicas e coloniais. Al\u00e9m de v\u00e1rios artigos, publicou seu mestrado com o t\u00edtulo\u00a0<em>Deuses do M\u00e9xico ind\u00edgena &#8211; estudo comparativo entre narrativas espanholas e nativas<\/em>. \u00c9 pesquisador no Centro de Estudos Amer\u00edndios (<a href=\"http:\/\/www.usp.br\/cesta\">www.usp.br\/cesta<\/a>) e um dos membros-fundadores do Centro de Estudos Mesoamericanos, Amaz\u00f4nicos e Andinos da USP (<a href=\"https:\/\/cemaa.webhostusp.sti.usp.br\/\">www.usp.br\/cemaa<\/a>) , que realiza, desde 2000, atividades sobre a Hist\u00f3ria e a Arqueologia da Am\u00e9rica Ind\u00edgena (col\u00f3quios, semin\u00e1rio permanente, grupo de estudo etc.). Possui tamb\u00e9m experi\u00eancia no ensino de Hist\u00f3ria nos n\u00edveis m\u00e9dio e fundamental, nos quais trabalhou por mais de cinco anos e para os quais escreveu um livro paradid\u00e1tico intitulado <em>Cidades Pr\u00e9-hisp\u00e2nicas do M\u00e9xico e Am\u00e9rica Central<\/em>. <br \/><span id=\"glnc0\"><a href=\"https:\/\/cemaa.webhostusp.sti.usp.br\/?page_id=2010\">Produ\u00e7\u00e3o Cient\u00edfica &#8211;<\/a> <\/span><a href=\"http:\/\/lattes.cnpq.br\/1341470778292869\" target=\"_blank\" rel=\"noopener\">Curr\u00edculo Lattes<\/a> &#8211; <a href=\"mailto:natalino@usp.br\">natalino@usp.br<\/a>.<br \/><span id=\"glnc0\"><\/span><\/p><p class=\"style27\" align=\"justify\"><strong>Guilherme Bianchi Moreira<\/strong><\/p><\/div><p align=\"justify\"><img loading=\"lazy\" decoding=\"async\" class=\"wp-image-4444 alignleft\" src=\"https:\/\/cemaa.webhostusp.sti.usp.br\/wp-content\/uploads\/s200_guilherme.bianchi.png\" alt=\"\" width=\"142\" height=\"142\" srcset=\"https:\/\/cemaa.webhostusp.sti.usp.br\/wp-content\/uploads\/s200_guilherme.bianchi.png 200w, https:\/\/cemaa.webhostusp.sti.usp.br\/wp-content\/uploads\/s200_guilherme.bianchi-150x150.png 150w\" sizes=\"(max-width: 142px) 100vw, 142px\" \/><\/p><div class=\"item-page\"><p>Guilherme Bianchi \u00e9 professor no Departamento de Hist\u00f3ria da Universidade de S\u00e3o Paulo e atua na \u00e1rea de hist\u00f3ria ind\u00edgena e teoria da hist\u00f3ria. Em 2023, publicou o livro &#8220;Historicidades em deslocamento: temporalidade e pol\u00edtica em mundos amer\u00edndios&#8221;, baseado em sua tese de doutorado, defendida em 2020 no Programa de P\u00f3s-Gradua\u00e7\u00e3o em Hist\u00f3ria da Universidade Federal de Ouro Preto. Foi p\u00f3s-doutorado no Maria Sibylla Merian Centre Conviviality-Inequality in Latin America (Mecila). Foi pesquisador visitante na Canning Library do King\u2019s College London, com est\u00e1gios de doutorado sandu\u00edche na University of California, Davis e no Goldsmiths College, University of London. Fez mestrado na Universidade Federal do Paran\u00e1, e \u00e9 graduado pela Universidade Federal de Ouro Preto. \u00c9 membro da Sociedade Brasileira de Teoria da Hist\u00f3ria e Hist\u00f3ria da Historiografia (SBTHH).<\/p><p><a href=\"https:\/\/cemaa.webhostusp.sti.usp.br\/?page_id=5848\">Produ\u00e7\u00e3o Cient\u00edfica &#8211;<\/a>\u00a0<a href=\"https:\/\/buscatextual.cnpq.br\/buscatextual\/visualizacv.do;jsessionid=E3AC0B57DFE1B24483E45DCEA9EB8E72.buscatextual_0\">Curr\u00edculo Lattes<\/a> &#8211;\u00a0<a href=\"mailto:gbianchi@usp.br\">gbianchi@usp.br<\/a>.\u00a0<\/p><\/div><p><strong>Vinicius Soares de Lima<\/strong><\/p><p><img loading=\"lazy\" decoding=\"async\" class=\"wp-image-5210 alignleft\" src=\"https:\/\/cemaa.webhostusp.sti.usp.br\/wp-content\/uploads\/vinicius-1-300x300.jpg\" alt=\"\" width=\"145\" height=\"145\" srcset=\"https:\/\/cemaa.webhostusp.sti.usp.br\/wp-content\/uploads\/vinicius-1-300x300.jpg 300w, https:\/\/cemaa.webhostusp.sti.usp.br\/wp-content\/uploads\/vinicius-1-150x150.jpg 150w, https:\/\/cemaa.webhostusp.sti.usp.br\/wp-content\/uploads\/vinicius-1.jpg 638w\" sizes=\"(max-width: 145px) 100vw, 145px\" \/><\/p><p>Mestre em Hist\u00f3ria e Cultura Social pela Universidade Estadual Paulista com disserta\u00e7\u00e3o intitulada \u201cOs curacas nas cr\u00f4nicas de Felipe Guaman Poma de Ayala e Inca Garcilaso de la Vega\u201d. Foi editor da se\u00e7\u00e3o de dossi\u00eas da Revista Hist\u00f3ria e Cultura, da mesma universidade. Licenciado em hist\u00f3ria pela Universidade Estadual de Maring\u00e1, com realiza\u00e7\u00e3o de inicia\u00e7\u00e3o cient\u00edfica (PIBIC\/FA). Realizou doutorado-sandu\u00edche na Universidad Complutense de Madrid. Hoje, cursa doutorado em Hist\u00f3ria Social na Universidade de S\u00e3o Paulo (USP), com orienta\u00e7\u00e3o do prof. Dr. Eduardo Natalino dos Santos. Na mesma universidade, atua como coordenador do Grupo de Estudos de Hist\u00f3ria e Antropologia ind\u00edgena do Centro de Estudos Mesoamericanos, Andinos e Amaz\u00f4nicos da USP (CEMAA\/USP). O tema da pesquisa desenvolvida s\u00e3o as rela\u00e7\u00f5es entre as elites ind\u00edgenas do vice-reino peruano e as institui\u00e7\u00f5es da coloniza\u00e7\u00e3o espanhola, especialmente a Audiencia de Lima e o Consejo de Indias.<\/p><p><a href=\"https:\/\/cemaa.webhostusp.sti.usp.br\/?page_id=5214\">Produ\u00e7\u00e3o Cient\u00edfica<\/a> &#8211;\u00a0<a href=\"https:\/\/buscatextual.cnpq.br\/buscatextual\/visualizacv.do;jsessionid=57C4505F07CABA0CAC738CE01C5BF811.buscatextual_0\"><span style=\"font-weight: 400;\">Curr\u00edculo Lattes<\/span><\/a><span style=\"font-weight: 400;\"> &#8211;<\/span>\u00a0<a href=\"mailto:vinilima100@gmail.com\">vinilima100@gmail.com<\/a>.<\/p><\/div><\/div>\t\t\t\t\t\t<\/div>\n\t\t\t\t<\/div>\n\t\t\t\t<\/div>\n\t\t\t\t<\/div>\n\t\t","protected":false},"excerpt":{"rendered":"<p>Coordenadores\/as Cristiana Bertazoni Possui gradua\u00e7\u00e3o em Hist\u00f3ria e mestrado em arqueologia pela Universidade de S\u00e3o Paulo. Possui doutorado em Hist\u00f3ria pr\u00e9-Colombiana pelo Departamento de Teoria e Hist\u00f3ria da Arte da Universidade de Essex (Inglaterra). Fez p\u00f3s-doutorado no Museu de Arqueologia e Etnologia da Universidade de S\u00e3o Paulo. Foi coordenadora do Centro de Estudos Mesoamericanos, Amaz\u00f4nicos [&hellip;]<\/p>\n","protected":false},"author":1,"featured_media":0,"parent":0,"menu_order":0,"comment_status":"closed","ping_status":"closed","template":"","meta":{"footnotes":""},"_links":{"self":[{"href":"https:\/\/cemaa.webhostusp.sti.usp.br\/index.php?rest_route=\/wp\/v2\/pages\/79"}],"collection":[{"href":"https:\/\/cemaa.webhostusp.sti.usp.br\/index.php?rest_route=\/wp\/v2\/pages"}],"about":[{"href":"https:\/\/cemaa.webhostusp.sti.usp.br\/index.php?rest_route=\/wp\/v2\/types\/page"}],"author":[{"embeddable":true,"href":"https:\/\/cemaa.webhostusp.sti.usp.br\/index.php?rest_route=\/wp\/v2\/users\/1"}],"replies":[{"embeddable":true,"href":"https:\/\/cemaa.webhostusp.sti.usp.br\/index.php?rest_route=%2Fwp%2Fv2%2Fcomments&post=79"}],"version-history":[{"count":75,"href":"https:\/\/cemaa.webhostusp.sti.usp.br\/index.php?rest_route=\/wp\/v2\/pages\/79\/revisions"}],"predecessor-version":[{"id":8103,"href":"https:\/\/cemaa.webhostusp.sti.usp.br\/index.php?rest_route=\/wp\/v2\/pages\/79\/revisions\/8103"}],"wp:attachment":[{"href":"https:\/\/cemaa.webhostusp.sti.usp.br\/index.php?rest_route=%2Fwp%2Fv2%2Fmedia&parent=79"}],"curies":[{"name":"wp","href":"https:\/\/api.w.org\/{rel}","templated":true}]}}