{"id":8372,"date":"2025-09-19T17:50:16","date_gmt":"2025-09-19T20:50:16","guid":{"rendered":"https:\/\/cemaa.webhostusp.sti.usp.br\/?page_id=8372"},"modified":"2025-09-29T13:32:38","modified_gmt":"2025-09-29T16:32:38","slug":"elementor-8372","status":"publish","type":"page","link":"https:\/\/cemaa.webhostusp.sti.usp.br\/?page_id=8372","title":{"rendered":"Elementor #8372"},"content":{"rendered":"\t\t<div data-elementor-type=\"wp-page\" data-elementor-id=\"8372\" class=\"elementor elementor-8372\" data-elementor-post-type=\"page\">\n\t\t\t\t<div class=\"elementor-element elementor-element-2a8bef8 e-flex e-con-boxed e-con e-parent\" data-id=\"2a8bef8\" data-element_type=\"container\" data-settings=\"{&quot;_ha_eqh_enable&quot;:false}\">\n\t\t\t\t\t<div class=\"e-con-inner\">\n\t\t\t\t<div class=\"elementor-element elementor-element-7a4efb7 elementor-widget elementor-widget-heading\" data-id=\"7a4efb7\" data-element_type=\"widget\" data-widget_type=\"heading.default\">\n\t\t\t\t<div class=\"elementor-widget-container\">\n\t\t\t<style>\/*! elementor - v3.22.0 - 24-06-2024 *\/\n.elementor-heading-title{padding:0;margin:0;line-height:1}.elementor-widget-heading .elementor-heading-title[class*=elementor-size-]>a{color:inherit;font-size:inherit;line-height:inherit}.elementor-widget-heading .elementor-heading-title.elementor-size-small{font-size:15px}.elementor-widget-heading .elementor-heading-title.elementor-size-medium{font-size:19px}.elementor-widget-heading .elementor-heading-title.elementor-size-large{font-size:29px}.elementor-widget-heading .elementor-heading-title.elementor-size-xl{font-size:39px}.elementor-widget-heading .elementor-heading-title.elementor-size-xxl{font-size:59px}<\/style><span class=\"elementor-heading-title elementor-size-default\">\nX Col\u00f3quio do CEMAA\/USP -15 e 16 de outubro de 2025<\/span>\t\t<\/div>\n\t\t\t\t<\/div>\n\t\t\t\t<div class=\"elementor-element elementor-element-d2685a5 elementor-widget elementor-widget-text-editor\" data-id=\"d2685a5\" data-element_type=\"widget\" data-widget_type=\"text-editor.default\">\n\t\t\t\t<div class=\"elementor-widget-container\">\n\t\t\t<style>\/*! elementor - v3.22.0 - 24-06-2024 *\/\n.elementor-widget-text-editor.elementor-drop-cap-view-stacked .elementor-drop-cap{background-color:#69727d;color:#fff}.elementor-widget-text-editor.elementor-drop-cap-view-framed .elementor-drop-cap{color:#69727d;border:3px solid;background-color:transparent}.elementor-widget-text-editor:not(.elementor-drop-cap-view-default) .elementor-drop-cap{margin-top:8px}.elementor-widget-text-editor:not(.elementor-drop-cap-view-default) .elementor-drop-cap-letter{width:1em;height:1em}.elementor-widget-text-editor .elementor-drop-cap{float:left;text-align:center;line-height:1;font-size:50px}.elementor-widget-text-editor .elementor-drop-cap-letter{display:inline-block}<\/style>\t\t\t\t<p>Em sua d\u00e9cima edi\u00e7\u00e3o, o Col\u00f3quio do CEMAA reunir\u00e1 pesquisadores do Brasil e do exterior, docentes, estudantes de gradua\u00e7\u00e3o e p\u00f3s-gradua\u00e7\u00e3o, al\u00e9m de lideran\u00e7as ind\u00edgenas, para debater iniciativas contempor\u00e2neas que aproximam o mundo acad\u00eamico das comunidades e pessoas ind\u00edgenas. A proposta \u00e9 refletir sobre como o conhecimento hist\u00f3rico e historiogr\u00e1fico pode dialogar com os conhecimentos e formas ind\u00edgenas de habitar o mundo e pensar a hist\u00f3ria, e, al\u00e9m disso, como a produ\u00e7\u00e3o acad\u00eamica pode contribuir de forma efetiva para as pr\u00e1ticas, demandas e perspectivas dessas comunidades no presente.<\/p>\n<p>Por um lado, o evento busca promover debates acerca das a\u00e7\u00f5es de inser\u00e7\u00e3o de pesquisadores e l\u00edderes ind\u00edgenas e de seus conhecimentos dentro da universidade e dos cursos de Hist\u00f3ria. Por outro, busca-se ressaltar as reivindica\u00e7\u00f5es e pr\u00e1ticas contempor\u00e2neas de repara\u00e7\u00e3o hist\u00f3rica aos povos ind\u00edgenas em \u00e2mbito interdisciplinar, envolvendo outros campos do saber como a arquitetura, a antropologia e a psicologia.<\/p>\n<p>O evento acontecer\u00e1 <strong>nos dias 15 e 16 de outubro<\/strong> de 2025, na Faculdade de Filosofia, Letras e Ci\u00eancias Humanas da Universidade de S\u00e3o Paulo (FFLCH-USP), com mesas-redondas presenciais no per\u00edodo vespertino.<\/p>\n<p><b>&nbsp;<\/b><\/p>\n<p><strong>PROGRAMA\u00c7\u00c3O:<\/strong><\/p>\n<p><b>&nbsp;<\/b><\/p>\n<p><b>Dia 1 &#8211; 15\/10<\/b><\/p>\n<p><b>14:00<\/b><span style=\"font-weight: 400;\">&nbsp;&#8211; Boas vindas e abertura do evento<\/span><\/p>\n<p><b>14:15-16:00 &#8211; Confer\u00eancia de abertura<\/b><span style=\"font-weight: 400;\">:&nbsp; Jo\u00e3o Rivelino Rezende Barreto (Universidade Federal de Santa Catarina) &#8211; <\/span><i><span style=\"font-weight: 400;\">A mem\u00f3ria escrita e as territorialidades ind\u00edgenas<\/span><\/i><\/p>\n<p><b>17:00-19:00<\/b><span style=\"font-weight: 400;\"> &#8211; <\/span><b>Mesa 1<\/b><span style=\"font-weight: 400;\"> &#8211; <\/span><i><span style=\"font-weight: 400;\">Povos ind\u00edgenas na Hist\u00f3ria e na Universidade<\/span><\/i><\/p>\n<p><span style=\"font-weight: 400;\">&#8211; Danilo Tup\u00e3 Jekup\u00e9 Tikm\u0169\u2019\u0169n Maxakal\u00ed (Universidade de S\u00e3o Paulo, Rede de Aten\u00e7\u00e3o \u00e0 Pessoa Ind\u00edgena)<\/span><\/p>\n<p><span style=\"font-weight: 400;\">&#8211; Ivanilson Xok\u00f3 (Doutorando &#8211; Universidade Federal Rural de Pernambuco)<\/span><\/p>\n<p><span style=\"font-weight: 400;\">&#8211; Izabel Missagia de Mattos (Universidade Federal Rural do Rio de Janeiro)<\/span><\/p>\n<p><span style=\"font-weight: 400;\">&#8211; Diogo Nicodemo (Graduando &#8211; Hist\u00f3ria &#8211; CEMAA\/Universidade de S\u00e3o Paulo)<\/span><\/p>\n<p><span style=\"font-weight: 400;\">&#8211; Daniele de Oliveira (Graduanda &#8211; Letras &#8211; CEMAA\/Levante Ind\u00edgena\/Universidade de S\u00e3o Paulo)<\/span><\/p><p><span style=\"font-weight: 400;\">&#8211; Alessandra Seixlack (Universidade Estadual do Rio de Janeiro)<\/span><\/p>\n<p><b>Dia 2 &#8211; 16\/10&nbsp;<\/b><\/p>\n<p><b>14:00-16:00 &#8211; Mesa 2 <\/b><span style=\"font-weight: 400;\">&#8211; <\/span><i><span style=\"font-weight: 400;\">Hist\u00f3ria Ind\u00edgena, Repara\u00e7\u00e3o e Justi\u00e7a de Transi\u00e7\u00e3o<\/span><\/i><\/p>\n<p><span style=\"font-weight: 400;\">&#8211; Jurandir Tup\u00e3 Jekup\u00e9 Mirim (Professor e agricultor Guarani)<\/span><\/p>\n<p><span style=\"font-weight: 400;\">&#8211; Laura Pappalardo (Doutoranda &#8211; Faculdade de Arquitetura e Urbanismo, Universidade de S\u00e3o Paulo)&nbsp;<\/span><\/p>\n<p><span style=\"font-weight: 400;\">&#8211; Braulina Baniwa (Doutoranda &#8211; Universidade de Bras\u00edlia\/Articula\u00e7\u00e3o dos Povos Ind\u00edgenas do Brasil)<\/span><\/p>\n<p><span style=\"font-weight: 400;\">&#8211; Ana Carolina Beserra da Silva (Mestranda &#8211; Hist\u00f3ria &#8211; CEMAA\/Universidade de S\u00e3o Paulo)<\/span><\/p>\n<p><span style=\"font-weight: 400;\">&#8211; Julio Zelic (Armaz\u00e9m Mem\u00f3ria\/Graduando &#8211; Geografia &#8211; Universidade de S\u00e3o Paulo)&nbsp;<\/span><\/p>\n<p><b>17:00-19:00 &#8211; Confer\u00eancia de encerramento<\/b><span style=\"font-weight: 400;\">: Fe\/derico Navarrete Linares (Universidad Nacional Aut\u00f3noma de M\u00e9xico) &#8211; <\/span><i><span style=\"font-weight: 400;\">Cosmohist\u00f3ria e hist\u00f3rias ind\u00edgenas<\/span><\/i><span style=\"font-weight: 400;\">.<\/span><\/p>\n<p><span style=\"font-weight: 400;\">&nbsp;<\/span><\/p>\n<p><strong>Realiza\u00e7\u00e3o do evento:<\/strong><\/p>\n<p class=\"cvGsUA direction-ltr align-start para-style-body\"><span class=\"a_GcMg font-feature-liga-off font-feature-clig-off font-feature-calt-off text-decoration-none text-strikethrough-none\">FFLCH-USP &#8211; Audit\u00f3rio Nicolau Sevcenko<\/span><\/p>\n<p class=\"cvGsUA direction-ltr align-start para-style-body\"><span class=\"a_GcMg font-feature-liga-off font-feature-clig-off font-feature-calt-off text-decoration-none text-strikethrough-none\">Av. Prof. Lineu Prestes, 338 \u2013 Cidade Universit\u00e1ria, S\u00e3o Paulo &#8211; SP<\/span><\/p>\n<p class=\"cvGsUA direction-ltr align-start para-style-body\"><span class=\"a_GcMg font-feature-liga-off font-feature-clig-off font-feature-calt-off text-decoration-none text-strikethrough-none\"><br><\/span><\/p>\n<p class=\"cvGsUA direction-ltr align-start para-style-body\">Qualquer d\u00favida nos escreva pelo e-mail: cema@usp.br<\/p>\t\t\t\t\t\t<\/div>\n\t\t\t\t<\/div>\n\t\t\t\t\t<\/div>\n\t\t\t\t<\/div>\n\t\t\t\t<\/div>\n\t\t","protected":false},"excerpt":{"rendered":"<p>X Col\u00f3quio do CEMAA\/USP -15 e 16 de outubro de 2025 Em sua d\u00e9cima edi\u00e7\u00e3o, o Col\u00f3quio do CEMAA reunir\u00e1 pesquisadores do Brasil e do exterior, docentes, estudantes de gradua\u00e7\u00e3o e p\u00f3s-gradua\u00e7\u00e3o, al\u00e9m de lideran\u00e7as ind\u00edgenas, para debater iniciativas contempor\u00e2neas que aproximam o mundo acad\u00eamico das comunidades e pessoas ind\u00edgenas. A proposta \u00e9 refletir sobre [&hellip;]<\/p>\n","protected":false},"author":3,"featured_media":0,"parent":0,"menu_order":0,"comment_status":"closed","ping_status":"closed","template":"","meta":{"footnotes":""},"_links":{"self":[{"href":"https:\/\/cemaa.webhostusp.sti.usp.br\/index.php?rest_route=\/wp\/v2\/pages\/8372"}],"collection":[{"href":"https:\/\/cemaa.webhostusp.sti.usp.br\/index.php?rest_route=\/wp\/v2\/pages"}],"about":[{"href":"https:\/\/cemaa.webhostusp.sti.usp.br\/index.php?rest_route=\/wp\/v2\/types\/page"}],"author":[{"embeddable":true,"href":"https:\/\/cemaa.webhostusp.sti.usp.br\/index.php?rest_route=\/wp\/v2\/users\/3"}],"replies":[{"embeddable":true,"href":"https:\/\/cemaa.webhostusp.sti.usp.br\/index.php?rest_route=%2Fwp%2Fv2%2Fcomments&post=8372"}],"version-history":[{"count":34,"href":"https:\/\/cemaa.webhostusp.sti.usp.br\/index.php?rest_route=\/wp\/v2\/pages\/8372\/revisions"}],"predecessor-version":[{"id":8467,"href":"https:\/\/cemaa.webhostusp.sti.usp.br\/index.php?rest_route=\/wp\/v2\/pages\/8372\/revisions\/8467"}],"wp:attachment":[{"href":"https:\/\/cemaa.webhostusp.sti.usp.br\/index.php?rest_route=%2Fwp%2Fv2%2Fmedia&parent=8372"}],"curies":[{"name":"wp","href":"https:\/\/api.w.org\/{rel}","templated":true}]}}