{"id":8720,"date":"2026-03-09T18:59:06","date_gmt":"2026-03-09T21:59:06","guid":{"rendered":"https:\/\/cemaa.webhostusp.sti.usp.br\/?page_id=8720"},"modified":"2026-03-09T19:01:08","modified_gmt":"2026-03-09T22:01:08","slug":"elementor-8720","status":"publish","type":"page","link":"https:\/\/cemaa.webhostusp.sti.usp.br\/?page_id=8720","title":{"rendered":"Elementor #8720"},"content":{"rendered":"\t\t<div data-elementor-type=\"wp-page\" data-elementor-id=\"8720\" class=\"elementor elementor-8720\" data-elementor-post-type=\"page\">\n\t\t\t\t<div class=\"elementor-element elementor-element-8a14c8f e-flex e-con-boxed e-con e-parent\" data-id=\"8a14c8f\" data-element_type=\"container\" data-settings=\"{&quot;_ha_eqh_enable&quot;:false}\">\n\t\t\t\t\t<div class=\"e-con-inner\">\n\t\t\t\t<div class=\"elementor-element elementor-element-020542a elementor-widget elementor-widget-heading\" data-id=\"020542a\" data-element_type=\"widget\" data-widget_type=\"heading.default\">\n\t\t\t\t<div class=\"elementor-widget-container\">\n\t\t\t<style>\/*! elementor - v3.22.0 - 24-06-2024 *\/\n.elementor-heading-title{padding:0;margin:0;line-height:1}.elementor-widget-heading .elementor-heading-title[class*=elementor-size-]>a{color:inherit;font-size:inherit;line-height:inherit}.elementor-widget-heading .elementor-heading-title.elementor-size-small{font-size:15px}.elementor-widget-heading .elementor-heading-title.elementor-size-medium{font-size:19px}.elementor-widget-heading .elementor-heading-title.elementor-size-large{font-size:29px}.elementor-widget-heading .elementor-heading-title.elementor-size-xl{font-size:39px}.elementor-widget-heading .elementor-heading-title.elementor-size-xxl{font-size:59px}<\/style><span class=\"elementor-heading-title elementor-size-default\">Grupo de Estudos de L\u00edngua N\u00e1huatl <\/span>\t\t<\/div>\n\t\t\t\t<\/div>\n\t\t\t\t\t<\/div>\n\t\t\t\t<\/div>\n\t\t<div class=\"elementor-element elementor-element-64d839a e-flex e-con-boxed e-con e-parent\" data-id=\"64d839a\" data-element_type=\"container\" data-settings=\"{&quot;_ha_eqh_enable&quot;:false}\">\n\t\t\t\t\t<div class=\"e-con-inner\">\n\t\t\t\t<div class=\"elementor-element elementor-element-5e55a5f elementor-widget elementor-widget-text-editor\" data-id=\"5e55a5f\" data-element_type=\"widget\" data-widget_type=\"text-editor.default\">\n\t\t\t\t<div class=\"elementor-widget-container\">\n\t\t\t<style>\/*! elementor - v3.22.0 - 24-06-2024 *\/\n.elementor-widget-text-editor.elementor-drop-cap-view-stacked .elementor-drop-cap{background-color:#69727d;color:#fff}.elementor-widget-text-editor.elementor-drop-cap-view-framed .elementor-drop-cap{color:#69727d;border:3px solid;background-color:transparent}.elementor-widget-text-editor:not(.elementor-drop-cap-view-default) .elementor-drop-cap{margin-top:8px}.elementor-widget-text-editor:not(.elementor-drop-cap-view-default) .elementor-drop-cap-letter{width:1em;height:1em}.elementor-widget-text-editor .elementor-drop-cap{float:left;text-align:center;line-height:1;font-size:50px}.elementor-widget-text-editor .elementor-drop-cap-letter{display:inline-block}<\/style>\t\t\t\t<p>O <strong>Grupo de Estudos de L\u00edngua N\u00e1huatl<\/strong> tem como objetivo o estudo da l\u00edngua denominada n\u00e1huatl cl\u00e1ssico a partir de sua express\u00e3o nos manuscritos confeccionados durante o per\u00edodo colonial do M\u00e9xico. A l\u00edngua dos Nahua, cujo nome original ainda \u00e9 desconhecido, era utilizada por diversos grupos indi\u0301genas da Mesoame\u0301rica e funcionou como li\u0301ngua franca da regia\u0303o durante o peri\u0301odo imediatamente anterior a\u0300 conquista e tambe\u0301m durante a e\u0301poca colonial inicial, com o prop\u00f3sito de facilitar a catequiza\u00e7\u00e3o de nativos e descendentes em sua pr\u00f3pia l\u00edngua.<\/p>\t\t\t\t\t\t<\/div>\n\t\t\t\t<\/div>\n\t\t\t\t\t<\/div>\n\t\t\t\t<\/div>\n\t\t\t\t<\/div>\n\t\t","protected":false},"excerpt":{"rendered":"<p>Grupo de Estudos de L\u00edngua N\u00e1huatl O Grupo de Estudos de L\u00edngua N\u00e1huatl tem como objetivo o estudo da l\u00edngua denominada n\u00e1huatl cl\u00e1ssico a partir de sua express\u00e3o nos manuscritos confeccionados durante o per\u00edodo colonial do M\u00e9xico. A l\u00edngua dos Nahua, cujo nome original ainda \u00e9 desconhecido, era utilizada por diversos grupos indi\u0301genas da Mesoame\u0301rica [&hellip;]<\/p>\n","protected":false},"author":3,"featured_media":0,"parent":0,"menu_order":0,"comment_status":"closed","ping_status":"closed","template":"","meta":{"footnotes":""},"_links":{"self":[{"href":"https:\/\/cemaa.webhostusp.sti.usp.br\/index.php?rest_route=\/wp\/v2\/pages\/8720"}],"collection":[{"href":"https:\/\/cemaa.webhostusp.sti.usp.br\/index.php?rest_route=\/wp\/v2\/pages"}],"about":[{"href":"https:\/\/cemaa.webhostusp.sti.usp.br\/index.php?rest_route=\/wp\/v2\/types\/page"}],"author":[{"embeddable":true,"href":"https:\/\/cemaa.webhostusp.sti.usp.br\/index.php?rest_route=\/wp\/v2\/users\/3"}],"replies":[{"embeddable":true,"href":"https:\/\/cemaa.webhostusp.sti.usp.br\/index.php?rest_route=%2Fwp%2Fv2%2Fcomments&post=8720"}],"version-history":[{"count":4,"href":"https:\/\/cemaa.webhostusp.sti.usp.br\/index.php?rest_route=\/wp\/v2\/pages\/8720\/revisions"}],"predecessor-version":[{"id":8724,"href":"https:\/\/cemaa.webhostusp.sti.usp.br\/index.php?rest_route=\/wp\/v2\/pages\/8720\/revisions\/8724"}],"wp:attachment":[{"href":"https:\/\/cemaa.webhostusp.sti.usp.br\/index.php?rest_route=%2Fwp%2Fv2%2Fmedia&parent=8720"}],"curies":[{"name":"wp","href":"https:\/\/api.w.org\/{rel}","templated":true}]}}